{"id":4526,"date":"2019-09-13T22:23:42","date_gmt":"2019-09-13T22:23:42","guid":{"rendered":"https:\/\/nai.is\/?post_type=product&#038;p=4526"},"modified":"2025-05-27T20:07:57","modified_gmt":"2025-05-27T20:07:57","slug":"lyklakippa-fyrir-hreintimapening","status":"publish","type":"product","link":"https:\/\/nai.is\/en\/product\/lyklakippa-fyrir-hreintimapening\/","title":{"rendered":"Key tags for clean time medallions"},"content":{"rendered":"","protected":false},"excerpt":{"rendered":"<p style=\"text-align: left\">Tv\u00e6r t\u00fdpur \u00ed bo\u00f0i. Fj\u00f3rir litir.<br \/>\nATH a\u00f0 <strong>silfurlita\u00f0a kringl\u00f3tta<\/strong> kippan passar eing\u00f6ngu fyrir \u00fer\u00edlita hreint\u00edmapeninga.<br \/>\nHinar passa fyrir allar ger\u00f0ir af hreint\u00edmapeningum.<\/p>\n<p>Hagna\u00f0ur af s\u00f6lu lyklakippunnar rennur til Lands\u00fej\u00f3nustu NA samtakanna. Lands\u00fej\u00f3nusta s\u00e9r me\u00f0al annars um a\u00f0 halda \u00fati NA s\u00ed\u00f0unni og hj\u00e1lpars\u00edma NA samtakanna, prenta fundaskr\u00e1r.<\/p>","protected":false},"featured_media":12710,"template":"","meta":{"_exactmetrics_skip_tracking":false,"_exactmetrics_sitenote_active":false,"_exactmetrics_sitenote_note":"","_exactmetrics_sitenote_category":0,"_links_to":"","_links_to_target":""},"product_brand":[],"product_cat":[22,30,21],"product_tag":[],"class_list":{"0":"post-4526","1":"product","2":"type-product","3":"status-publish","4":"has-post-thumbnail","6":"product_cat-lyklakippur","7":"product_cat-smavorur","8":"product_cat-varningur","10":"first","11":"instock","12":"shipping-taxable","13":"purchasable","14":"product-type-variable"},"_links":{"self":[{"href":"https:\/\/nai.is\/en\/wp-json\/wp\/v2\/product\/4526","targetHints":{"allow":["GET"]}}],"collection":[{"href":"https:\/\/nai.is\/en\/wp-json\/wp\/v2\/product"}],"about":[{"href":"https:\/\/nai.is\/en\/wp-json\/wp\/v2\/types\/product"}],"wp:featuredmedia":[{"embeddable":true,"href":"https:\/\/nai.is\/en\/wp-json\/wp\/v2\/media\/12710"}],"wp:attachment":[{"href":"https:\/\/nai.is\/en\/wp-json\/wp\/v2\/media?parent=4526"}],"wp:term":[{"taxonomy":"product_brand","embeddable":true,"href":"https:\/\/nai.is\/en\/wp-json\/wp\/v2\/product_brand?post=4526"},{"taxonomy":"product_cat","embeddable":true,"href":"https:\/\/nai.is\/en\/wp-json\/wp\/v2\/product_cat?post=4526"},{"taxonomy":"product_tag","embeddable":true,"href":"https:\/\/nai.is\/en\/wp-json\/wp\/v2\/product_tag?post=4526"}],"curies":[{"name":"wp","href":"https:\/\/api.w.org\/{rel}","templated":true}]}}