{"id":79,"date":"2017-12-19T23:42:51","date_gmt":"2017-12-19T23:42:51","guid":{"rendered":"https:\/\/nai.is\/?page_id=79"},"modified":"2025-01-17T22:54:14","modified_gmt":"2025-01-17T22:54:14","slug":"stofnun-na-deildar","status":"publish","type":"page","link":"https:\/\/nai.is\/en\/um-na\/stofnun-na-deildar\/","title":{"rendered":"Establishing a meeting"},"content":{"rendered":"<div data-elementor-type=\"wp-post\" data-elementor-id=\"79\" class=\"elementor elementor-79\">\n\t\t\t\t\t\t<section class=\"elementor-section elementor-top-section elementor-element elementor-element-2a46 elementor-section-boxed elementor-section-height-default elementor-section-height-default\" data-id=\"2a46\" data-element_type=\"section\" data-e-type=\"section\">\n\t\t\t\t\t\t<div class=\"elementor-container elementor-column-gap-default\">\n\t\t\t\t\t<div class=\"elementor-column elementor-col-100 elementor-top-column elementor-element elementor-element-6465\" data-id=\"6465\" data-element_type=\"column\" data-e-type=\"column\">\n\t\t\t<div class=\"elementor-widget-wrap elementor-element-populated\">\n\t\t\t\t\t\t<div class=\"elementor-element elementor-element-94 elementor-widget elementor-widget-text-editor\" data-id=\"94\" data-element_type=\"widget\" data-e-type=\"widget\" data-widget_type=\"text-editor.default\">\n\t\t\t\t<div class=\"elementor-widget-container\">\n\t\t\t\t\t\t\t\t\t<p>If you are interested in starting a new NA meeting, there are several things to consider. E.g. that certain rules are followed so that the meeting is recognized by the Regional Service Committee and thus entered into the meeting register of the NA organization in Iceland and the World Service of NA (na.org).<\/p><p>The following reading material can assist you in starting an NA meeting:<\/p><ul><li><a href=\"https:\/\/drive.google.com\/open?id=1yh3RlrVsqnPSrxc7gSZGdjZDeCnfZ8x7wtwu9w9f7xo&amp;authuser=1\" target=\"_blank\" rel=\"noopener\">The group<\/a><\/li><\/ul><p>Once a group has been established, information about the group should be sent to the email address <a href=\"mailto:styrinefnd@nai.is\">styrinefnd@nai.is<\/a> so that the meeting can be added to the website's meeting list. The following information, in addition to the location of the meeting itself, must be included in the aforementioned email:<\/p><ul><li>Is the meeting open or closed*<\/li><li>The meeting format itself (Book meeting, discussion meeting, etc.)*<\/li><li>Meeting facilities (non-smoking, etc.)<\/li><li>Facilities for people with special needs (access for wheelchairs, sign language interpreter, etc.)<\/li><li>Ef fundurinn er haldinn fyrir minnihlutah\u00f3pa (t.d. karla, kvennafundir, hinsegin f\u00f3lk, o.s.fr.)*<\/li><\/ul><p>*Required information<\/p>\t\t\t\t\t\t\t\t<\/div>\n\t\t\t\t<\/div>\n\t\t\t\t\t<\/div>\n\t\t<\/div>\n\t\t\t\t\t<\/div>\n\t\t<\/section>\n\t\t\t\t<\/div>","protected":false},"excerpt":{"rendered":"<p>Ef \u00fe\u00fa hefur \u00e1huga \u00e1 a\u00f0 stofna n\u00fdja NA deild \u00fe\u00e1 \u00fearf a\u00f0 huga a\u00f0 \u00fdmsu. T.d. a\u00f0 fylgt s\u00e9 \u00e1kve\u00f0num reglum svo deildin ver\u00f0i vi\u00f0urkennd af Lands\u00fej\u00f3nustunefnd og komist \u00feannig inn \u00e1 fundarskr\u00e1 NA samtakanna \u00e1 \u00cdslandi og Heims\u00fej\u00f3nustu NA (na.org). Eftirfarandi lesefni getur a\u00f0sto\u00f0a\u00f0 \u00feig vi\u00f0 a\u00f0 stofna NA deild: Deildin \u00deegar deild <a class=\"read-more\" href=\"https:\/\/nai.is\/en\/um-na\/stofnun-na-deildar\/\">READ MORE<\/a><\/p>","protected":false},"author":16,"featured_media":0,"parent":65,"menu_order":0,"comment_status":"closed","ping_status":"closed","template":"","meta":{"_exactmetrics_skip_tracking":false,"_exactmetrics_sitenote_active":false,"_exactmetrics_sitenote_note":"","_exactmetrics_sitenote_category":0,"footnotes":"","_links_to":"","_links_to_target":""},"class_list":["post-79","page","type-page","status-publish","hentry"],"_links":{"self":[{"href":"https:\/\/nai.is\/en\/wp-json\/wp\/v2\/pages\/79","targetHints":{"allow":["GET"]}}],"collection":[{"href":"https:\/\/nai.is\/en\/wp-json\/wp\/v2\/pages"}],"about":[{"href":"https:\/\/nai.is\/en\/wp-json\/wp\/v2\/types\/page"}],"author":[{"embeddable":true,"href":"https:\/\/nai.is\/en\/wp-json\/wp\/v2\/users\/16"}],"replies":[{"embeddable":true,"href":"https:\/\/nai.is\/en\/wp-json\/wp\/v2\/comments?post=79"}],"version-history":[{"count":0,"href":"https:\/\/nai.is\/en\/wp-json\/wp\/v2\/pages\/79\/revisions"}],"up":[{"embeddable":true,"href":"https:\/\/nai.is\/en\/wp-json\/wp\/v2\/pages\/65"}],"wp:attachment":[{"href":"https:\/\/nai.is\/en\/wp-json\/wp\/v2\/media?parent=79"}],"curies":[{"name":"wp","href":"https:\/\/api.w.org\/{rel}","templated":true}]}}