{"id":77,"date":"2017-12-19T23:40:24","date_gmt":"2017-12-19T23:40:24","guid":{"rendered":"https:\/\/nai.is\/?page_id=77"},"modified":"2018-09-25T14:12:04","modified_gmt":"2018-09-25T14:12:04","slug":"hver-hvad-hvernig-og-hvers-vegna","status":"publish","type":"page","link":"https:\/\/nai.is\/en\/um-na\/hver-hvad-hvernig-og-hvers-vegna\/","title":{"rendered":"Who, what, how and why?"},"content":{"rendered":"<div data-elementor-type=\"wp-post\" data-elementor-id=\"77\" class=\"elementor elementor-77 elementor-bc-flex-widget\">\n\t\t\t\t\t\t<section class=\"elementor-section elementor-top-section elementor-element elementor-element-c1df9a1 elementor-section-boxed elementor-section-height-default elementor-section-height-default\" data-id=\"c1df9a1\" data-element_type=\"section\" data-e-type=\"section\">\n\t\t\t\t\t\t<div class=\"elementor-container elementor-column-gap-default\">\n\t\t\t\t\t<div class=\"elementor-column elementor-col-100 elementor-top-column elementor-element elementor-element-74bbc9d\" data-id=\"74bbc9d\" data-element_type=\"column\" data-e-type=\"column\">\n\t\t\t<div class=\"elementor-widget-wrap elementor-element-populated\">\n\t\t\t\t\t\t<div class=\"elementor-element elementor-element-ccbd90f elementor-widget elementor-widget-heading\" data-id=\"ccbd90f\" data-element_type=\"widget\" data-e-type=\"widget\" data-widget_type=\"heading.default\">\n\t\t\t\t<div class=\"elementor-widget-container\">\n\t\t\t\t\t<h2 class=\"elementor-heading-title elementor-size-default\">Who is an addict?<\/h2>\t\t\t\t<\/div>\n\t\t\t\t<\/div>\n\t\t\t\t<div class=\"elementor-element elementor-element-3a64f8a elementor-widget elementor-widget-text-editor\" data-id=\"3a64f8a\" data-element_type=\"widget\" data-e-type=\"widget\" data-widget_type=\"text-editor.default\">\n\t\t\t\t<div class=\"elementor-widget-container\">\n\t\t\t\t\t\t\t\t\tMost of us do not have to think twice about this question. We know! Our whole life and\nthinking was centered in drugs in one form or another\u2014the getting and using and finding ways\nand means to get more. We lived to use and used to live. Very simply, an addict is a man or\nwoman whose life is controlled by drugs. We are people in the grip of a continuing and\nprogressive illness whose ends are always the same: jails, institutions, and death.\t\t\t\t\t\t\t\t<\/div>\n\t\t\t\t<\/div>\n\t\t\t\t\t<\/div>\n\t\t<\/div>\n\t\t\t\t\t<\/div>\n\t\t<\/section>\n\t\t\t\t<section class=\"elementor-section elementor-top-section elementor-element elementor-element-b1d22b3 elementor-section-boxed elementor-section-height-default elementor-section-height-default\" data-id=\"b1d22b3\" data-element_type=\"section\" data-e-type=\"section\">\n\t\t\t\t\t\t<div class=\"elementor-container elementor-column-gap-default\">\n\t\t\t\t\t<div class=\"elementor-column elementor-col-100 elementor-top-column elementor-element elementor-element-d06ac46\" data-id=\"d06ac46\" data-element_type=\"column\" data-e-type=\"column\">\n\t\t\t<div class=\"elementor-widget-wrap elementor-element-populated\">\n\t\t\t\t\t\t<div class=\"elementor-element elementor-element-dcf1cf7 elementor-widget-divider--view-line elementor-widget elementor-widget-divider\" data-id=\"dcf1cf7\" data-element_type=\"widget\" data-e-type=\"widget\" data-widget_type=\"divider.default\">\n\t\t\t\t<div class=\"elementor-widget-container\">\n\t\t\t\t\t\t\t<div class=\"elementor-divider\">\n\t\t\t<span class=\"elementor-divider-separator\">\n\t\t\t\t\t\t<\/span>\n\t\t<\/div>\n\t\t\t\t\t\t<\/div>\n\t\t\t\t<\/div>\n\t\t\t\t\t<\/div>\n\t\t<\/div>\n\t\t\t\t\t<\/div>\n\t\t<\/section>\n\t\t\t\t<section class=\"elementor-section elementor-top-section elementor-element elementor-element-9f4cc70 elementor-section-boxed elementor-section-height-default elementor-section-height-default\" data-id=\"9f4cc70\" data-element_type=\"section\" data-e-type=\"section\">\n\t\t\t\t\t\t<div class=\"elementor-container elementor-column-gap-default\">\n\t\t\t\t\t<div class=\"elementor-column elementor-col-100 elementor-top-column elementor-element elementor-element-4a273c0\" data-id=\"4a273c0\" data-element_type=\"column\" data-e-type=\"column\">\n\t\t\t<div class=\"elementor-widget-wrap elementor-element-populated\">\n\t\t\t\t\t\t<div class=\"elementor-element elementor-element-5812496 elementor-widget elementor-widget-heading\" data-id=\"5812496\" data-element_type=\"widget\" data-e-type=\"widget\" data-widget_type=\"heading.default\">\n\t\t\t\t<div class=\"elementor-widget-container\">\n\t\t\t\t\t<h2 class=\"elementor-heading-title elementor-size-default\">What is the Narcotics Anonymous program?<\/h2>\t\t\t\t<\/div>\n\t\t\t\t<\/div>\n\t\t\t\t<div class=\"elementor-element elementor-element-05fb63f elementor-widget elementor-widget-text-editor\" data-id=\"05fb63f\" data-element_type=\"widget\" data-e-type=\"widget\" data-widget_type=\"text-editor.default\">\n\t\t\t\t<div class=\"elementor-widget-container\">\n\t\t\t\t\t\t\t\t\t<p>\nNA is a nonprofit fellowship or society of men and women for whom drugs had become a\nmajor problem. We are recovering addicts who meet regularly to help each other stay clean.\nThis is a program of complete abstinence from all drugs. There is only one requirement for\nmembership, the desire to stop using. We suggest that you keep an open mind and give\nyourself a break. Our program is a set of principles written so simply that we can follow them\nin our daily lives. The most important thing about them is that they work.\n<\/p>\n<p>\nThere are no strings attached to NA. We are not affiliated with any other organizations. We\nhave no initiation fees or dues, no pledges to sign, no promises to make to anyone. We are not\nconnected with any political, religious, or law enforcement groups, and are under no\nsurveillance at any time. Anyone may join us, regardless of age, race, sexual identity, creed,\nreligion, or lack of religion.\n<\/p>\n<p>\nWe are not interested in what or how much you used or who your connections were, what\nyou have done in the past, how much or how little you have, but only in what you want to do\nabout your problem and how we can help. The newcomer is the most important person at any\nmeeting, because we can only keep what we have by giving it away. We have learned from our\ngroup experience that those who keep coming to our meetings regularly stay clean.\n<\/p>\t\t\t\t\t\t\t\t<\/div>\n\t\t\t\t<\/div>\n\t\t\t\t\t<\/div>\n\t\t<\/div>\n\t\t\t\t\t<\/div>\n\t\t<\/section>\n\t\t\t\t<section class=\"elementor-section elementor-top-section elementor-element elementor-element-053f9e3 elementor-section-boxed elementor-section-height-default elementor-section-height-default\" data-id=\"053f9e3\" data-element_type=\"section\" data-e-type=\"section\">\n\t\t\t\t\t\t<div class=\"elementor-container elementor-column-gap-default\">\n\t\t\t\t\t<div class=\"elementor-column elementor-col-100 elementor-top-column elementor-element elementor-element-e64faf1\" data-id=\"e64faf1\" data-element_type=\"column\" data-e-type=\"column\">\n\t\t\t<div class=\"elementor-widget-wrap elementor-element-populated\">\n\t\t\t\t\t\t<div class=\"elementor-element elementor-element-408e8fa elementor-widget-divider--view-line elementor-widget elementor-widget-divider\" data-id=\"408e8fa\" data-element_type=\"widget\" data-e-type=\"widget\" data-widget_type=\"divider.default\">\n\t\t\t\t<div class=\"elementor-widget-container\">\n\t\t\t\t\t\t\t<div class=\"elementor-divider\">\n\t\t\t<span class=\"elementor-divider-separator\">\n\t\t\t\t\t\t<\/span>\n\t\t<\/div>\n\t\t\t\t\t\t<\/div>\n\t\t\t\t<\/div>\n\t\t\t\t\t<\/div>\n\t\t<\/div>\n\t\t\t\t\t<\/div>\n\t\t<\/section>\n\t\t\t\t<section class=\"elementor-section elementor-top-section elementor-element elementor-element-1c561f6 elementor-section-boxed elementor-section-height-default elementor-section-height-default\" data-id=\"1c561f6\" data-element_type=\"section\" data-e-type=\"section\">\n\t\t\t\t\t\t<div class=\"elementor-container elementor-column-gap-default\">\n\t\t\t\t\t<div class=\"elementor-column elementor-col-100 elementor-top-column elementor-element elementor-element-538a064\" data-id=\"538a064\" data-element_type=\"column\" data-e-type=\"column\">\n\t\t\t<div class=\"elementor-widget-wrap elementor-element-populated\">\n\t\t\t\t\t\t<div class=\"elementor-element elementor-element-b837cef elementor-widget elementor-widget-heading\" data-id=\"b837cef\" data-element_type=\"widget\" data-e-type=\"widget\" data-widget_type=\"heading.default\">\n\t\t\t\t<div class=\"elementor-widget-container\">\n\t\t\t\t\t<h2 class=\"elementor-heading-title elementor-size-default\">Why are we here?<\/h2>\t\t\t\t<\/div>\n\t\t\t\t<\/div>\n\t\t\t\t<div class=\"elementor-element elementor-element-2ad6cd4 elementor-widget elementor-widget-text-editor\" data-id=\"2ad6cd4\" data-element_type=\"widget\" data-e-type=\"widget\" data-widget_type=\"text-editor.default\">\n\t\t\t\t<div class=\"elementor-widget-container\">\n\t\t\t\t\t\t\t\t\t<p>\nBefore coming to the Fellowship of NA, we could not manage our own lives. We could not\nlive and enjoy life as other people do. We had to have something different and we thought we\nhad found it in drugs. We placed their use ahead of the welfare of our families, our wives,\nhusbands, and our children. We had to have drugs at all costs. We did many people great harm,\nbut most of all we harmed ourselves. Through our inability to accept personal responsibilities\nwe were actually creating our own problems. We seemed to be incapable of facing life on its\nown terms.\n<\/p>\n<p>\nMost of us realized that in our addiction we were slowly committing suicide, but addiction is\nsuch a cunning enemy of life that we had lost the power to do anything about it. Many of us\nended up in jail, or sought help through medicine, religion, and psychiatry. None of these\nmethods was sufficient for us. Our disease always resurfaced or continued to progress until, in\ndesperation, we sought help from each other in Narcotics Anonymous.\n<\/p>\n<p>\nAfter coming to NA we realized we were sick people. We suffered from a disease from which\nthere is no known cure. It can, however, be arrested at some point, and recovery is then possible.\n<\/p>\t\t\t\t\t\t\t\t<\/div>\n\t\t\t\t<\/div>\n\t\t\t\t\t<\/div>\n\t\t<\/div>\n\t\t\t\t\t<\/div>\n\t\t<\/section>\n\t\t\t\t<section class=\"elementor-section elementor-top-section elementor-element elementor-element-ab6f285 elementor-section-boxed elementor-section-height-default elementor-section-height-default\" data-id=\"ab6f285\" data-element_type=\"section\" data-e-type=\"section\">\n\t\t\t\t\t\t<div class=\"elementor-container elementor-column-gap-default\">\n\t\t\t\t\t<div class=\"elementor-column elementor-col-100 elementor-top-column elementor-element elementor-element-0219863\" data-id=\"0219863\" data-element_type=\"column\" data-e-type=\"column\">\n\t\t\t<div class=\"elementor-widget-wrap elementor-element-populated\">\n\t\t\t\t\t\t<div class=\"elementor-element elementor-element-626ff7e elementor-widget-divider--view-line elementor-widget elementor-widget-divider\" data-id=\"626ff7e\" data-element_type=\"widget\" data-e-type=\"widget\" data-widget_type=\"divider.default\">\n\t\t\t\t<div class=\"elementor-widget-container\">\n\t\t\t\t\t\t\t<div class=\"elementor-divider\">\n\t\t\t<span class=\"elementor-divider-separator\">\n\t\t\t\t\t\t<\/span>\n\t\t<\/div>\n\t\t\t\t\t\t<\/div>\n\t\t\t\t<\/div>\n\t\t\t\t\t<\/div>\n\t\t<\/div>\n\t\t\t\t\t<\/div>\n\t\t<\/section>\n\t\t\t\t<section class=\"elementor-section elementor-top-section elementor-element elementor-element-ad92f95 elementor-section-boxed elementor-section-height-default elementor-section-height-default\" data-id=\"ad92f95\" data-element_type=\"section\" data-e-type=\"section\">\n\t\t\t\t\t\t<div class=\"elementor-container elementor-column-gap-default\">\n\t\t\t\t\t<div class=\"elementor-column elementor-col-100 elementor-top-column elementor-element elementor-element-1bbb551\" data-id=\"1bbb551\" data-element_type=\"column\" data-e-type=\"column\">\n\t\t\t<div class=\"elementor-widget-wrap elementor-element-populated\">\n\t\t\t\t\t\t<div class=\"elementor-element elementor-element-9a44a5e elementor-widget elementor-widget-heading\" data-id=\"9a44a5e\" data-element_type=\"widget\" data-e-type=\"widget\" data-widget_type=\"heading.default\">\n\t\t\t\t<div class=\"elementor-widget-container\">\n\t\t\t\t\t<h2 class=\"elementor-heading-title elementor-size-default\">How it works<\/h2>\t\t\t\t<\/div>\n\t\t\t\t<\/div>\n\t\t\t\t<div class=\"elementor-element elementor-element-75bf907 elementor-widget elementor-widget-text-editor\" data-id=\"75bf907\" data-element_type=\"widget\" data-e-type=\"widget\" data-widget_type=\"text-editor.default\">\n\t\t\t\t<div class=\"elementor-widget-container\">\n\t\t\t\t\t\t\t\t\t<p>\nIf you want what we have to offer, and are willing to make the effort to get it, then you are\nready to take certain steps. These are the principles that made our recovery possible.\n<\/p>\n<ol>\n<li>We admitted that we were powerless over our addiction, that our lives had\nbecome unmanageable.<\/li>\n<li>We came to believe that a Power greater than ourselves could restore us to sanity.<\/li>\n<li>We made a decision to turn our will and our lives over to the care of God\nas we understood Him.<\/li>\n<li>We made a searching and fearless moral inventory of ourselves.<\/li>\n<li>We admitted to God, to ourselves, and to another human being the exact nature\nof our wrongs.<\/li>\n<li>We were entirely ready to have God remove all these defects of character.<\/li>\n<li>We humbly asked Him to remove our shortcomings.<\/li>\n<li>We made a list of all persons we had harmed, and became willing to make amends\nto them all.<\/li>\n<li>We made direct amends to such people wherever possible, except when to do so would\ninjure them or others.<\/li>\n<li>We continued to take personal inventory and when we were wrong promptly admitted it.<\/li>\n<li>We sought through prayer and meditation to improve our conscious contact with God\nas we understood Him, praying only for knowledge of His will for us and the power\nto carry that out.<\/li>\n<li>Having had a spiritual awakening as a result of these steps, we tried to carry this message to\naddicts, and to practice these principles in all our affairs.<\/li>\n<\/ol>\n<p>\nThis sounds like a big order, and we can\u2019t do it all at once. We didn\u2019t become addicted in one\nday, so remember\u2014easy does it.\n<\/p>\n<p>\nThere is one thing more than anything else that will defeat us in our recovery; this is an\nattitude of indifference or intolerance toward spiritual principles. Three of these that are\nindispensable are honesty, open-mindedness, and willingness. With these we are well on our\nway.\n<\/p>\n<p>\nWe feel that our approach to the disease of addiction is completely realistic, for the\ntherapeutic value of one addict helping another is without parallel. We feel that our way is\npractical, for one addict can best understand and help another addict. We believe that the\nsooner we face our problems within our society, in everyday living, just that much faster do we\nbecome acceptable, responsible, and productive members of that society.\n<\/p>\n<p>\nThe only way to keep from returning to active addiction is not to take that first drug. If you\nare like us you know that one is too many and a thousand never enough. We put great\nemphasis on this, for we know that when we use drugs in any form, or substitute one for\nanother, we release our addiction all over again.\n<\/p>\n<p>\nThinking of alcohol as different from other drugs has caused a great many addicts to relapse.\nBefore we came to NA, many of us viewed alcohol separately, but we cannot afford to be\nconfused about this. Alcohol is a drug. We are people with the disease of addiction who must\nabstain from all drugs in order to recover.<\/p>\t\t\t\t\t\t\t\t<\/div>\n\t\t\t\t<\/div>\n\t\t\t\t\t<\/div>\n\t\t<\/div>\n\t\t\t\t\t<\/div>\n\t\t<\/section>\n\t\t\t\t<section class=\"elementor-section elementor-top-section elementor-element elementor-element-525f70b elementor-section-boxed elementor-section-height-default elementor-section-height-default\" data-id=\"525f70b\" data-element_type=\"section\" data-e-type=\"section\">\n\t\t\t\t\t\t<div class=\"elementor-container elementor-column-gap-default\">\n\t\t\t\t\t<div class=\"elementor-column elementor-col-100 elementor-top-column elementor-element elementor-element-1776346\" data-id=\"1776346\" data-element_type=\"column\" data-e-type=\"column\">\n\t\t\t<div class=\"elementor-widget-wrap elementor-element-populated\">\n\t\t\t\t\t\t<div class=\"elementor-element elementor-element-5298d51 elementor-widget-divider--view-line elementor-widget elementor-widget-divider\" data-id=\"5298d51\" data-element_type=\"widget\" data-e-type=\"widget\" data-widget_type=\"divider.default\">\n\t\t\t\t<div class=\"elementor-widget-container\">\n\t\t\t\t\t\t\t<div class=\"elementor-divider\">\n\t\t\t<span class=\"elementor-divider-separator\">\n\t\t\t\t\t\t<\/span>\n\t\t<\/div>\n\t\t\t\t\t\t<\/div>\n\t\t\t\t<\/div>\n\t\t\t\t\t<\/div>\n\t\t<\/div>\n\t\t\t\t\t<\/div>\n\t\t<\/section>\n\t\t\t\t<section class=\"elementor-section elementor-top-section elementor-element elementor-element-a9a42cd elementor-section-boxed elementor-section-height-default elementor-section-height-default\" data-id=\"a9a42cd\" data-element_type=\"section\" data-e-type=\"section\">\n\t\t\t\t\t\t<div class=\"elementor-container elementor-column-gap-default\">\n\t\t\t\t\t<div class=\"elementor-column elementor-col-100 elementor-top-column elementor-element elementor-element-a1e186e\" data-id=\"a1e186e\" data-element_type=\"column\" data-e-type=\"column\">\n\t\t\t<div class=\"elementor-widget-wrap elementor-element-populated\">\n\t\t\t\t\t\t<div class=\"elementor-element elementor-element-88b0e8d elementor-widget elementor-widget-heading\" data-id=\"88b0e8d\" data-element_type=\"widget\" data-e-type=\"widget\" data-widget_type=\"heading.default\">\n\t\t\t\t<div class=\"elementor-widget-container\">\n\t\t\t\t\t<h2 class=\"elementor-heading-title elementor-size-default\">The Twelve Traditions of NA<\/h2>\t\t\t\t<\/div>\n\t\t\t\t<\/div>\n\t\t\t\t<div class=\"elementor-element elementor-element-4ac8b13 elementor-widget elementor-widget-text-editor\" data-id=\"4ac8b13\" data-element_type=\"widget\" data-e-type=\"widget\" data-widget_type=\"text-editor.default\">\n\t\t\t\t<div class=\"elementor-widget-container\">\n\t\t\t\t\t\t\t\t\t<p>\nWe keep what we have only with vigilance, and just as freedom for the individual comes\nfrom the Twelve Steps, so freedom for the group springs from our traditions.\n<\/p>\n<p>\nAs long as the ties that bind us together are stronger than those that would tear us apart, all\nwill be well.\n<\/p>\n<ol>\n<li>Our common welfare should come first; personal recovery depends on NA unity.<\/li>\n<li>For our group purpose there is but one ultimate authority\u2014a loving God as He may express\nHimself in our group conscience. Our leaders are but trusted servants; they do not govern.<\/li>\n<li>The only requirement for membership is a desire to stop using.<\/li>\n<li>Each group should be autonomous except in matters affecting other groups or\nNA as a whole.<\/li>\n<li>Each group has but one primary purpose\u2014to carry the message to the addict\nwho still suffers.<\/li>\n<li>An NA group ought never endorse, finance, or lend the NA name to any related facility or\noutside enterprise, lest problems of money, property, or prestige divert us from our\nprimary purpose.<\/li>\n<li>Every NA group ought to be fully self-supporting, declining outside contributions.<\/li>\n<li>Narcotics Anonymous should remain forever nonprofessional, but our service centers may\nemploy special workers.<\/li>\n<li>NA, as such, ought never be organized, but we may create service boards or committees\ndirectly responsible to those they serve.<\/li>\n<li>Narcotics Anonymous has no opinion on outside issues; hence the NA name ought never be\ndrawn into public controversy.<\/li>\n<li>Our public relations policy is based on attraction rather than promotion; we need always\nmaintain personal anonymity at the level of press, radio, and films.<\/li>\n<li>Anonymity is the spiritual foundation of all our traditions, ever reminding us to place\nprinciples before personalities.<\/li>\n<\/ol>\t\t\t\t\t\t\t\t<\/div>\n\t\t\t\t<\/div>\n\t\t\t\t\t<\/div>\n\t\t<\/div>\n\t\t\t\t\t<\/div>\n\t\t<\/section>\n\t\t\t\t<\/div>","protected":false},"excerpt":{"rendered":"<p>Hver er f\u00edkill? Flest okkar \u00feurfa ekki einu sinni a\u00f0 velta \u00fev\u00ed fyrir s\u00e9r. VI\u00d0 VITUM \u00deA\u00d0! Allt l\u00edf okkar og hugsun snerist um f\u00edkniefni \u00e1 einn e\u00f0a annan h\u00e1tt. A\u00f0 n\u00e1 \u00ed og nota, \u00e1\u00e6tla og finna lei\u00f0ir til \u00feess a\u00f0 \u00fatvega meira. Vi\u00f0 lif\u00f0um til \u00feess a\u00f0 nota og notu\u00f0um til \u00feess a\u00f0 <a class=\"read-more\" href=\"https:\/\/nai.is\/en\/um-na\/hver-hvad-hvernig-og-hvers-vegna\/\">READ MORE<\/a><\/p>","protected":false},"author":16,"featured_media":0,"parent":65,"menu_order":0,"comment_status":"closed","ping_status":"closed","template":"","meta":{"_exactmetrics_skip_tracking":false,"_exactmetrics_sitenote_active":false,"_exactmetrics_sitenote_note":"","_exactmetrics_sitenote_category":0,"footnotes":"","_links_to":"","_links_to_target":""},"class_list":["post-77","page","type-page","status-publish","hentry"],"_links":{"self":[{"href":"https:\/\/nai.is\/en\/wp-json\/wp\/v2\/pages\/77","targetHints":{"allow":["GET"]}}],"collection":[{"href":"https:\/\/nai.is\/en\/wp-json\/wp\/v2\/pages"}],"about":[{"href":"https:\/\/nai.is\/en\/wp-json\/wp\/v2\/types\/page"}],"author":[{"embeddable":true,"href":"https:\/\/nai.is\/en\/wp-json\/wp\/v2\/users\/16"}],"replies":[{"embeddable":true,"href":"https:\/\/nai.is\/en\/wp-json\/wp\/v2\/comments?post=77"}],"version-history":[{"count":0,"href":"https:\/\/nai.is\/en\/wp-json\/wp\/v2\/pages\/77\/revisions"}],"up":[{"embeddable":true,"href":"https:\/\/nai.is\/en\/wp-json\/wp\/v2\/pages\/65"}],"wp:attachment":[{"href":"https:\/\/nai.is\/en\/wp-json\/wp\/v2\/media?parent=77"}],"curies":[{"name":"wp","href":"https:\/\/api.w.org\/{rel}","templated":true}]}}