{"id":75,"date":"2017-12-19T23:39:14","date_gmt":"2017-12-19T23:39:14","guid":{"rendered":"https:\/\/nai.is\/?page_id=75"},"modified":"2024-02-17T15:46:02","modified_gmt":"2024-02-17T15:46:02","slug":"fundirnir","status":"publish","type":"page","link":"https:\/\/nai.is\/en\/um-na\/fundirnir\/","title":{"rendered":"The meetings"},"content":{"rendered":"<p><a href=\"https:\/\/nai.is\/en\/meetings\/?tsml-day=any\">NA meetings<\/a>\u00a0are primarily designed for addicts or those who think they have a problem with drugs. Most meetings are closed, i.e. for the aforementioned group. There are also open meetings designed for those who want to learn about the organization's work, e.g. relatives, experts, etc.<\/p>\n<div><\/div>\n<div>The NA World Service Board of Trustees recommends the following guidelines and definitions:<\/div>\n<div>\n<ol>\n<li>A Narcotics Anonymous meeting, whether it is open or closed, is a refuge for addicts.  It is intended to be a safe and beneficial place where an addict can hear about and participate in recovery from the disease of drug addiction.  As much as we might like to, we cannot be all things to all people.<\/li>\n<li>A closed meeting in Narcotics Anonymous is for those individuals who identify themselves as addicts or for those who are uncertain and think they might have a drug problem.  A closed Narcotics Anonymous meeting provides a freedom that is necessary for more personal and intimate sharing by Narcotics Anonymous members.  It does so by providing an atmosphere in which addicts can feel more certain that those attending will be able to identify with them, and share their own experience, strength, and hope.<\/li>\n<li>Opinn fundur er NA fundur \u00fear sem hver sem er getur seti\u00f0 (t.d. d\u00f3marar, skilor\u00f0sfulltr\u00faar, s\u00e9rfr\u00e6\u00f0ingar, a\u00f0standendur) sem hefur \u00e1huga \u00e1 hvernig vi\u00f0 h\u00f6fum fundi\u00f0 bata fr\u00e1 f\u00edknisj\u00fakd\u00f3mnum. Munnleg tj\u00e1ning, hins vegar, er einskor\u00f0u\u00f0 vi\u00f0 NA me\u00f0limi eing\u00f6ngu. Opinn fundur \u00ed\u00a0Narcotics Anonymous\u00a0leyfir f\u00f3lki fyrir utan samt\u00f6kin a\u00f0 fylgjast me\u00f0 hva\u00f0 Narcotics Anonymous er og hvernig \u00feau virka. \u00deetta getur veri\u00f0 afar hj\u00e1lplegt fyrir \u00fe\u00e1 einstaklinga sem eru a\u00f0 reyna a\u00f0 komast a\u00f0 ni\u00f0ust\u00f6\u00f0u var\u00f0andi \u00feeirra eigin st\u00f6\u00f0u sem f\u00edklar. Opinn fundur \u00ed Narcotics Anonymous er ein a\u00f0fer\u00f0 sem deildir okkar nota til \u00feess a\u00f0 uppfylla frumtilgang sinn, a\u00f0 flytja bo\u00f0skapinn til f\u00edkilsins sem enn \u00fej\u00e1ist. Sumar deildir hafa auk \u00feess opna fundi til \u00feess a\u00f0 leyfa vinum sem ekki eru f\u00edklar og \u00e6ttingjum NA me\u00f0lima a\u00f0 fagna \u00e1fangasigrum me\u00f0 \u00feeim&#8230;&#8220;<\/li>\n<\/ol>\n<p>Obtained from\u00a0<a href=\"http:\/\/www.na.org\/?ID=bulletins-bull15-r\" target=\"_blank\" rel=\"nofollow noopener\">NA World services website.<\/a>.<\/p>\n<\/div>","protected":false},"excerpt":{"rendered":"<p>NA fundir\u00a0eru fyrst og fremst hugsa\u00f0ir fyrir f\u00edkla e\u00f0a \u00fe\u00e1 sem halda a\u00f0 \u00feeir eigi \u00ed vandr\u00e6\u00f0um me\u00f0 f\u00edkniefni. Flestir fundir eru loka\u00f0ir, \u00fe.e. fyrir fyrrnefndan h\u00f3p. Einnig eru til opnir fundir sem hugsa\u00f0ir eru fyrir \u00fe\u00e1 sem vilja kynna s\u00e9r starf samtakanna, s.s. a\u00f0standendur, s\u00e9rfr\u00e6\u00f0ingar o.fl. &#8222;Heimsr\u00e1\u00f0 NA leggur til a\u00f0 fylgt s\u00e9 eftirfarandi <a class=\"read-more\" href=\"https:\/\/nai.is\/en\/um-na\/fundirnir\/\">READ MORE<\/a><\/p>","protected":false},"author":16,"featured_media":0,"parent":65,"menu_order":0,"comment_status":"closed","ping_status":"closed","template":"","meta":{"_exactmetrics_skip_tracking":false,"_exactmetrics_sitenote_active":false,"_exactmetrics_sitenote_note":"","_exactmetrics_sitenote_category":0,"footnotes":"","_links_to":"","_links_to_target":""},"class_list":["post-75","page","type-page","status-publish","hentry"],"_links":{"self":[{"href":"https:\/\/nai.is\/en\/wp-json\/wp\/v2\/pages\/75","targetHints":{"allow":["GET"]}}],"collection":[{"href":"https:\/\/nai.is\/en\/wp-json\/wp\/v2\/pages"}],"about":[{"href":"https:\/\/nai.is\/en\/wp-json\/wp\/v2\/types\/page"}],"author":[{"embeddable":true,"href":"https:\/\/nai.is\/en\/wp-json\/wp\/v2\/users\/16"}],"replies":[{"embeddable":true,"href":"https:\/\/nai.is\/en\/wp-json\/wp\/v2\/comments?post=75"}],"version-history":[{"count":0,"href":"https:\/\/nai.is\/en\/wp-json\/wp\/v2\/pages\/75\/revisions"}],"up":[{"embeddable":true,"href":"https:\/\/nai.is\/en\/wp-json\/wp\/v2\/pages\/65"}],"wp:attachment":[{"href":"https:\/\/nai.is\/en\/wp-json\/wp\/v2\/media?parent=75"}],"curies":[{"name":"wp","href":"https:\/\/api.w.org\/{rel}","templated":true}]}}