{"id":62,"date":"2018-01-14T09:56:12","date_gmt":"2018-01-14T09:56:12","guid":{"rendered":"https:\/\/nai.is\/?page_id=62"},"modified":"2023-09-16T21:43:52","modified_gmt":"2023-09-16T21:43:52","slug":"forsida","status":"publish","type":"page","link":"https:\/\/nai.is\/en\/","title":{"rendered":"Fors\u00ed\u00f0a"},"content":{"rendered":"<div id=\"pl-62\"  class=\"panel-layout\" ><div id=\"pg-62-0\"  class=\"panel-grid panel-no-style\" ><div id=\"pgc-62-0-0\"  class=\"panel-grid-cell\" ><div id=\"panel-62-0-0-0\" class=\"so-panel widget widget_text panel-first-child panel-last-child\" data-index=\"0\" >\t\t\t<div class=\"textwidget\"><p>NA is a nonprofit fellowship or society of men and women for\nwhom drugs had become a major problem. We are recovering\naddicts who meet regularly to help each other stay clean. This\nis a program of complete abstinence from all drugs. There is\nonly one requirement for membership, the desire to stop using.<\/p>\n<p>NA meetings are primarily designed for addicts or those who think they have a drug problem. However, open meetings are designed for those who want to learn about the organization's work, e.g. relatives, experts, etc.\u00a0<a href=\"https:\/\/nai.is\/en\/fundaskra\/\" target=\"_blank\" rel=\"noopener\" data-saferedirecturl=\"https:\/\/www.google.com\/url?q=https:\/\/nai.is\/fundaskra\/&amp;source=gmail&amp;ust=1578791414882000&amp;usg=AFQjCNHs3JBvnyvOBUWbAztBffaSuKk5yw\">Overview of all meetings<\/a><\/p>\n<\/div>\n\t\t<\/div><\/div><\/div><\/div>","protected":false},"excerpt":{"rendered":"<p>NA eru f\u00e9lagasamt\u00f6k sem rekin eru \u00e1n hagna\u00f0arsj\u00f3narmi\u00f0a, samf\u00e9lag karla og kvenna sem hafa \u00e1tt \u00ed miklum erfi\u00f0leikum me\u00f0 f\u00edkniefni. Vi\u00f0 erum f\u00edklar \u00e1 batavegi sem hittast reglulega til \u00feess a\u00f0 hj\u00e1lpa hver \u00f6\u00f0rum a\u00f0 halda s\u00e9r hreinum af f\u00edkniefnum. Vi\u00f0 krefjumst engra f\u00e9lagsgjalda e\u00f0a a\u00f0gangseyris. Eina skilyr\u00f0i\u00f0 fyrir inng\u00f6ngu er l\u00f6ngunin til \u00feess a\u00f0 <a class=\"read-more\" href=\"https:\/\/nai.is\/en\/\">READ MORE<\/a><\/p>","protected":false},"author":16,"featured_media":0,"parent":0,"menu_order":0,"comment_status":"closed","ping_status":"closed","template":"","meta":{"_exactmetrics_skip_tracking":false,"_exactmetrics_sitenote_active":false,"_exactmetrics_sitenote_note":"","_exactmetrics_sitenote_category":0,"footnotes":"","_links_to":"","_links_to_target":""},"class_list":["post-62","page","type-page","status-publish","hentry"],"_links":{"self":[{"href":"https:\/\/nai.is\/en\/wp-json\/wp\/v2\/pages\/62","targetHints":{"allow":["GET"]}}],"collection":[{"href":"https:\/\/nai.is\/en\/wp-json\/wp\/v2\/pages"}],"about":[{"href":"https:\/\/nai.is\/en\/wp-json\/wp\/v2\/types\/page"}],"author":[{"embeddable":true,"href":"https:\/\/nai.is\/en\/wp-json\/wp\/v2\/users\/16"}],"replies":[{"embeddable":true,"href":"https:\/\/nai.is\/en\/wp-json\/wp\/v2\/comments?post=62"}],"version-history":[{"count":0,"href":"https:\/\/nai.is\/en\/wp-json\/wp\/v2\/pages\/62\/revisions"}],"wp:attachment":[{"href":"https:\/\/nai.is\/en\/wp-json\/wp\/v2\/media?parent=62"}],"curies":[{"name":"wp","href":"https:\/\/api.w.org\/{rel}","templated":true}]}}