{"id":382,"date":"2018-04-05T23:55:53","date_gmt":"2018-04-05T23:55:53","guid":{"rendered":"https:\/\/nai.is\/?page_id=382"},"modified":"2018-04-06T00:00:45","modified_gmt":"2018-04-06T00:00:45","slug":"lands-og-svaedisthjonusta","status":"publish","type":"page","link":"https:\/\/nai.is\/en\/um-na\/thjonustur\/lands-og-svaedisthjonusta\/","title":{"rendered":"Um lands\u00fej\u00f3nustu og hlutverk deildarfulltr\u00faa"},"content":{"rendered":"<h3>Hva\u00f0 er Lands\u00fej\u00f3nustunefndin?<\/h3>\n<div>Tilgangurinn me\u00f0 L\u00deN er a\u00f0 sameina Narcotics Anonymous (NA) f\u00e9lagsskapinn \u00e1 \u00cdslandi. H\u00fan mi\u00f0ar a\u00f0 \u00fev\u00ed a\u00f0 hl\u00faa a\u00f0 vexti \u00fej\u00f3nustu sem NA veitir \u00e1 landsv\u00e6\u00f0um og \u00e1 landsv\u00edsu til \u00feess a\u00f0 geta \u00fej\u00f3na\u00f0 NA f\u00e9l\u00f6gum og f\u00edklinum sem enn \u00fej\u00e1ist eins vel og m\u00f6gulegt er.<\/div>\n<div><\/div>\n<div>L\u00deN er vettvangur fyrir umr\u00e6\u00f0ur \u00fear sem deildarfulltr\u00faar geta teki\u00f0 \u00fe\u00e1tt \u00ed umr\u00e6\u00f0um og haft \u00e1hrif \u00e1 st\u00f6rf undirnefnda L\u00deN. Deildarfulltr\u00faa eru, eins og nafni\u00f0 gefur til kynna, fulltr\u00faar fr\u00e1 mismunandi deildum \u00e1 \u00cdslandi. \u00deeir geta einnig \u00e1tt samskipti vi\u00f0 f\u00e9lagsskap NA \u00ed Evr\u00f3pu og \u00e1 al\u00fej\u00f3\u00f0av\u00edsu \u00ed gegnum Landsfulltr\u00faa.<\/div>\n<div><\/div>\n<div>Deildarfulltr\u00faar eru mikilv\u00e6gustu \u00fe\u00e1tttakendur \u00ed L\u00deN. \u00deeir eru fulltr\u00faar NA f\u00e9laganna \u00ed s\u00ednum deildum. \u00deeir deila af reynslu sinni til \u00feess a\u00f0 finna lausnir \u00e1 algengum vandam\u00e1lum. Deildarfulltr\u00faar gefa sk\u00fdrslu um st\u00f6rf undirnefnda L\u00deN til samvisku sinna deilda . Undirnefndir L\u00deN og st\u00fdrinefnd L\u00deN fara eftir lei\u00f0s\u00f6gn deildarfulltr\u00faanna.<\/div>\n<div><\/div>\n<h3><a name=\"TOC-Hverjir-eru-Lands-j-nustunefndinni-\"><\/a>Hverjir eru \u00ed Lands\u00fej\u00f3nustunefndinni?<\/h3>\n<div>\u00cd meginatri\u00f0um samanstendur L\u00deN af 3 h\u00f3pum:<\/div>\n<div>\n<ul>\n<li>Deildarfulltr\u00faar og varadeildarfulltr\u00faar (fr\u00e1 \u00f6llum deildum \u00e1 \u00cdslandi)<\/li>\n<li>Formenn undirnefnda L\u00deN<\/li>\n<li>St\u00fdrinefnd L\u00deN<\/li>\n<\/ul>\n<\/div>\n<div>Hins vegar m\u00e1 hva\u00f0a NA f\u00e9lagi sem er s\u00e6kja fundi L\u00deN sem \u00e1horfandi og m\u00e1 taka \u00fe\u00e1tt \u00ed umr\u00e6\u00f0um (en m\u00e1 ekki kj\u00f3sa).<\/div>\n<div><\/div>\n<div>Formenn undirnefnda L\u00deN og st\u00fdrinefnd \u00feurfa a\u00f0 s\u00e6kja fund L\u00deN, \u00fea\u00f0 er hluti af \u00feeirra skildum.<\/div>\n<div><\/div>\n<div>Deildarfulltr\u00faar kj\u00f3sa \u00e1rlega st\u00fdrinefnd L\u00deN. Deildarfulltr\u00faar kj\u00f3sa auk \u00feess formenn, varaformenn og gjaldkera undirnefnda L\u00deN og s\u00e9rverkefnanefnda.<\/div>\n<div>\n<div><\/div>\n<h3><a name=\"TOC-Hvert-er-hlutverk-Deildarfulltr-a-\"><\/a>Hvert er hlutverk Deildarfulltr\u00faa?<\/h3>\n<div>Deildarfulltr\u00faar og varadeildarfulltr\u00faar eru fulltr\u00faar sinna deilda. \u00deeir tala fyrir h\u00f6nd me\u00f0lima deildarinnar. \u00deeir taka \u00fe\u00e1tt me\u00f0 \u00fev\u00ed a\u00f0 koma me\u00f0 till\u00f6gur, taka \u00fe\u00e1tt \u00ed umr\u00e6\u00f0um og a\u00f0 kj\u00f3sa um forgangsm\u00e1l L\u00deN og undirnefnda L\u00deN. Deildarfulltr\u00faar \u00edhuga vandlega hvernig au\u00f0lindum (hvort tveggja peningum og mannau\u00f0i) skuli beint til \u00e1kve\u00f0inna \u00fej\u00f3nustuumr\u00e1\u00f0a. Eitt af mikilv\u00e6gustu \u00fe\u00e1ttum \u00fej\u00f3nustunnar er a\u00f0 fara me\u00f0 uppl\u00fdsingar til deilda fr\u00e1 lands\u00fej\u00f3nustu, og \u00feannig halda NA f\u00e9l\u00f6gum uppl\u00fdstum um breytingar \u00e1 samt\u00f6kunum og fr\u00e9ttir af m\u00e1lum er var\u00f0a \u00fej\u00f3nustur. M\u00e6lt er me\u00f0 a\u00f0 deildarfulltr\u00faar taki gl\u00f3sur \u00e1 lands\u00fej\u00f3nustu og hafi me\u00f0fer\u00f0is \u00fatprenta\u00f0a fundarger\u00f0 \u00e1 samviskufundi.<\/div>\n<div><\/div>\n<div>Deildarfulltr\u00faar og varadeildarfulltr\u00faar eru kj\u00f6rnir af samviskum deilda. Forgangsm\u00e1l \u00feeirra er a\u00f0 starfa \u00ed \u00fe\u00e1gu heildarinnar me\u00f0 \u00fev\u00ed a\u00f0 \u201csetja grundvallarreglur ofar eigin hagsmunum\u201d. \u00dea\u00f0 er v\u00e6nst af \u00feeim a\u00f0 \u00feeir l\u00e1ti \u00ed lj\u00f3s sko\u00f0un samvisku deildarinnar og \u00feannig mynda\u00f0 tengingu L\u00deN vi\u00f0 vilja k\u00e6rleiksr\u00edks Gu\u00f0s.<\/div>\n<div><\/div>\n<div>Deildarfulltr\u00faar mega \u00fej\u00f3na \u00ed undirnefndum L\u00deN. Hins vegar er ekki r\u00e1\u00f0lagt a\u00f0 \u00feeir \u00fej\u00f3ni \u00ed st\u00f6\u00f0u formanns e\u00f0a varaformanns.<\/div>\n<div><\/div>\n<div>Varadeildarfulltr\u00fai \u00e6tti einnig a\u00f0 s\u00e6kja L\u00deN. Varadeildarfulltr\u00faar l\u00e6rir hlutverk deildarfulltr\u00faa og getur leyst hann af \u00feegar \u00feess \u00fearf. Deildarfulltr\u00fai \u00e6tti a\u00f0 sponsa varadeildarfulltr\u00faa inn \u00ed hlutverki\u00f0 og \u00e6tti a\u00f0 kenna varadeildarfulltr\u00faanum hvernig \u00e1, til d\u00e6mis, a\u00f0 skrifa rafr\u00e6na og skriflega sk\u00fdrslu fyrir L\u00deN fund.<\/div>\n<div><\/div>\n<div>ATH: EF B\u00c6\u00d0I DEILDAR- OG VARADEILDARFULLTR\u00daI M\u00c6TA \u00c1 L\u00deN, GETUR A\u00d0EINS DEILDARFULLTR\u00daINN KOSI\u00d0.<\/div>\n<div><\/div>\n<div>Eitt af mikilv\u00e6gustu \u00fe\u00e1ttum \u00ed hlutverki deildarfulltr\u00faa er a\u00f0 undirb\u00faa, rafr\u00e6na, \u00fatprenta\u00f0a og munnlega sk\u00fdrslu fyrir hvern L\u00deN fund. \u00deessa sk\u00fdrslu \u00e1 a\u00f0 skila \u00e1 innraneti \u00ed gegnum \u00fear til gert form. Sj\u00e1 form <a href=\"https:\/\/nai.is\/en\/skyrsla\/\">h\u00e9r<\/a>.<\/div>\n<\/div>","protected":false},"excerpt":{"rendered":"<p>Hva\u00f0 er Lands\u00fej\u00f3nustunefndin? Tilgangurinn me\u00f0 L\u00deN er a\u00f0 sameina Narcotics Anonymous (NA) f\u00e9lagsskapinn \u00e1 \u00cdslandi. H\u00fan mi\u00f0ar a\u00f0 \u00fev\u00ed a\u00f0 hl\u00faa a\u00f0 vexti \u00fej\u00f3nustu sem NA veitir \u00e1 landsv\u00e6\u00f0um og \u00e1 landsv\u00edsu til \u00feess a\u00f0 geta \u00fej\u00f3na\u00f0 NA f\u00e9l\u00f6gum og f\u00edklinum sem enn \u00fej\u00e1ist eins vel og m\u00f6gulegt er. L\u00deN er vettvangur fyrir umr\u00e6\u00f0ur \u00fear <a class=\"read-more\" href=\"https:\/\/nai.is\/en\/um-na\/thjonustur\/lands-og-svaedisthjonusta\/\">READ MORE<\/a><\/p>","protected":false},"author":16,"featured_media":0,"parent":84,"menu_order":0,"comment_status":"closed","ping_status":"closed","template":"","meta":{"_exactmetrics_skip_tracking":false,"_exactmetrics_sitenote_active":false,"_exactmetrics_sitenote_note":"","_exactmetrics_sitenote_category":0,"footnotes":"","_links_to":"","_links_to_target":""},"class_list":["post-382","page","type-page","status-publish","hentry"],"_links":{"self":[{"href":"https:\/\/nai.is\/en\/wp-json\/wp\/v2\/pages\/382","targetHints":{"allow":["GET"]}}],"collection":[{"href":"https:\/\/nai.is\/en\/wp-json\/wp\/v2\/pages"}],"about":[{"href":"https:\/\/nai.is\/en\/wp-json\/wp\/v2\/types\/page"}],"author":[{"embeddable":true,"href":"https:\/\/nai.is\/en\/wp-json\/wp\/v2\/users\/16"}],"replies":[{"embeddable":true,"href":"https:\/\/nai.is\/en\/wp-json\/wp\/v2\/comments?post=382"}],"version-history":[{"count":0,"href":"https:\/\/nai.is\/en\/wp-json\/wp\/v2\/pages\/382\/revisions"}],"up":[{"embeddable":true,"href":"https:\/\/nai.is\/en\/wp-json\/wp\/v2\/pages\/84"}],"wp:attachment":[{"href":"https:\/\/nai.is\/en\/wp-json\/wp\/v2\/media?parent=382"}],"curies":[{"name":"wp","href":"https:\/\/api.w.org\/{rel}","templated":true}]}}