{"id":988,"date":"2019-04-15T11:30:01","date_gmt":"2019-04-15T11:30:01","guid":{"rendered":"https:\/\/nai.is\/?post_type=product&#038;p=988"},"modified":"2025-01-21T14:20:33","modified_gmt":"2025-01-21T14:20:33","slug":"lesblod","status":"publish","type":"product","link":"http:\/\/nai.is\/en\/product\/lesblod\/","title":{"rendered":"Reading sheets"},"content":{"rendered":"<p>Lesbl\u00f6\u00f0 deilda &#8211; 7 bl\u00f6\u00f0 saman \u00ed pakka:<br \/>\nA\u00f0eins \u00ed dag, Hver er f\u00edkill?, Hvernig er \u00fea\u00f0 \u00ed framkv\u00e6md?, Vi\u00f0 n\u00e1um bata, T\u00f3lf erf\u00f0avenjur NA, Hvers vegna erum vi\u00f0 h\u00e9r?, Hva\u00f0 er NA pr\u00f3grammi\u00f0.<\/p>\n<p>Group readings &#8211; 7 readings in a bundle:<br \/>\nJust for Today, Who is an Addict?, How it Works, We do Recover, The Twelve Traditions, Why are we here?, What is the NA program?<\/p>","protected":false},"excerpt":{"rendered":"<p>Lesbl\u00f6\u00f0 deilda &#8211; 7 bl\u00f6\u00f0 saman \u00ed pakka:<br \/>\nA\u00f0eins \u00ed dag, Hver er f\u00edkill?, Hvernig er \u00fea\u00f0 \u00ed framkv\u00e6md?, Vi\u00f0 n\u00e1um bata, T\u00f3lf erf\u00f0avenjur NA, Hvers vegna erum vi\u00f0 h\u00e9r?, Hva\u00f0 er NA pr\u00f3grammi\u00f0.<\/p>\n<p>Group readings &#8211; 7 readings in a bundle:<br \/>\nJust for Today, Who is an Addict?, How it Works, We do Recover, The Twelve Traditions, Why are we here?, What is the NA program?<\/p>","protected":false},"featured_media":948,"template":"","meta":{"_exactmetrics_skip_tracking":false,"_exactmetrics_sitenote_active":false,"_exactmetrics_sitenote_note":"","_exactmetrics_sitenote_category":0,"_links_to":"","_links_to_target":""},"product_brand":[],"product_cat":[31],"product_tag":[],"class_list":{"0":"post-988","1":"product","2":"type-product","3":"status-publish","4":"has-post-thumbnail","6":"product_cat-lesblod","8":"first","9":"instock","10":"shipping-taxable","11":"purchasable","12":"product-type-variable"},"_links":{"self":[{"href":"http:\/\/nai.is\/en\/wp-json\/wp\/v2\/product\/988","targetHints":{"allow":["GET"]}}],"collection":[{"href":"http:\/\/nai.is\/en\/wp-json\/wp\/v2\/product"}],"about":[{"href":"http:\/\/nai.is\/en\/wp-json\/wp\/v2\/types\/product"}],"wp:featuredmedia":[{"embeddable":true,"href":"http:\/\/nai.is\/en\/wp-json\/wp\/v2\/media\/948"}],"wp:attachment":[{"href":"http:\/\/nai.is\/en\/wp-json\/wp\/v2\/media?parent=988"}],"wp:term":[{"taxonomy":"product_brand","embeddable":true,"href":"http:\/\/nai.is\/en\/wp-json\/wp\/v2\/product_brand?post=988"},{"taxonomy":"product_cat","embeddable":true,"href":"http:\/\/nai.is\/en\/wp-json\/wp\/v2\/product_cat?post=988"},{"taxonomy":"product_tag","embeddable":true,"href":"http:\/\/nai.is\/en\/wp-json\/wp\/v2\/product_tag?post=988"}],"curies":[{"name":"wp","href":"https:\/\/api.w.org\/{rel}","templated":true}]}}