{"id":322,"date":"2018-02-21T19:53:25","date_gmt":"2018-02-21T19:53:25","guid":{"rendered":"https:\/\/nai.is\/?post_type=product&#038;p=322"},"modified":"2022-04-27T20:26:29","modified_gmt":"2022-04-27T20:26:29","slug":"na-segull","status":"publish","type":"product","link":"http:\/\/nai.is\/en\/product\/na-segull\/","title":{"rendered":"NA magnets"},"content":{"rendered":"<p>NA seglarnir eru hanna\u00f0ir af NA f\u00e9l\u00f6gum.<br \/>\nHagna\u00f0ur af s\u00f6lu NA seglanna renna til Lands\u00fej\u00f3nustu NA samtakanna.<br \/>\nLands\u00fej\u00f3nusta s\u00e9r me\u00f0al annars um a\u00f0 halda \u00fati NA s\u00ed\u00f0unni og hj\u00e1lpars\u00edma NA samtakanna, prenta fundaskr\u00e1r.<\/p>","protected":false},"excerpt":{"rendered":"<p>NA seglarnir eru hanna\u00f0ir af NA f\u00e9l\u00f6gum.<br \/>\nHagna\u00f0ur af s\u00f6lu NA seglanna renna til Lands\u00fej\u00f3nustu NA samtakanna.<br \/>\nLands\u00fej\u00f3nusta s\u00e9r me\u00f0al annars um a\u00f0 halda \u00fati NA s\u00ed\u00f0unni og hj\u00e1lpars\u00edma NA samtakanna, prenta fundaskr\u00e1r.<\/p>","protected":false},"featured_media":12518,"template":"","meta":{"_exactmetrics_skip_tracking":false,"_exactmetrics_sitenote_active":false,"_exactmetrics_sitenote_note":"","_exactmetrics_sitenote_category":0,"_links_to":"","_links_to_target":""},"product_brand":[],"product_cat":[30,21],"product_tag":[],"class_list":{"0":"post-322","1":"product","2":"type-product","3":"status-publish","4":"has-post-thumbnail","6":"product_cat-smavorur","7":"product_cat-varningur","9":"first","10":"instock","11":"shipping-taxable","12":"purchasable","13":"product-type-variable"},"_links":{"self":[{"href":"http:\/\/nai.is\/en\/wp-json\/wp\/v2\/product\/322","targetHints":{"allow":["GET"]}}],"collection":[{"href":"http:\/\/nai.is\/en\/wp-json\/wp\/v2\/product"}],"about":[{"href":"http:\/\/nai.is\/en\/wp-json\/wp\/v2\/types\/product"}],"wp:featuredmedia":[{"embeddable":true,"href":"http:\/\/nai.is\/en\/wp-json\/wp\/v2\/media\/12518"}],"wp:attachment":[{"href":"http:\/\/nai.is\/en\/wp-json\/wp\/v2\/media?parent=322"}],"wp:term":[{"taxonomy":"product_brand","embeddable":true,"href":"http:\/\/nai.is\/en\/wp-json\/wp\/v2\/product_brand?post=322"},{"taxonomy":"product_cat","embeddable":true,"href":"http:\/\/nai.is\/en\/wp-json\/wp\/v2\/product_cat?post=322"},{"taxonomy":"product_tag","embeddable":true,"href":"http:\/\/nai.is\/en\/wp-json\/wp\/v2\/product_tag?post=322"}],"curies":[{"name":"wp","href":"https:\/\/api.w.org\/{rel}","templated":true}]}}