{"id":12746,"date":"2020-04-02T12:51:30","date_gmt":"2020-04-02T12:51:30","guid":{"rendered":"https:\/\/nai.is\/?post_type=product&#038;p=12746"},"modified":"2025-01-21T14:20:30","modified_gmt":"2025-01-21T14:20:30","slug":"na-bolli","status":"publish","type":"product","link":"http:\/\/nai.is\/en\/product\/na-bolli\/","title":{"rendered":"NA mug"},"content":{"rendered":"","protected":false},"excerpt":{"rendered":"<p>Hagna\u00f0ur af s\u00f6lu NA bollans rennur til Lands\u00fej\u00f3nustu NA samtakanna. Lands\u00fej\u00f3nusta s\u00e9r me\u00f0al annars um a\u00f0 halda \u00fati NA s\u00ed\u00f0unni og hj\u00e1lpars\u00edma NA samtakanna, prenta fundaskr\u00e1r og koma NA lesefni til f\u00edkla \u00e1 stofnunum.<\/p>","protected":false},"featured_media":12748,"template":"","meta":{"_exactmetrics_skip_tracking":false,"_exactmetrics_sitenote_active":false,"_exactmetrics_sitenote_note":"","_exactmetrics_sitenote_category":0,"_links_to":"","_links_to_target":""},"product_brand":[],"product_cat":[30,21],"product_tag":[],"class_list":{"0":"post-12746","1":"product","2":"type-product","3":"status-publish","4":"has-post-thumbnail","6":"product_cat-smavorur","7":"product_cat-varningur","9":"first","10":"instock","11":"shipping-taxable","12":"purchasable","13":"product-type-simple"},"_links":{"self":[{"href":"http:\/\/nai.is\/en\/wp-json\/wp\/v2\/product\/12746","targetHints":{"allow":["GET"]}}],"collection":[{"href":"http:\/\/nai.is\/en\/wp-json\/wp\/v2\/product"}],"about":[{"href":"http:\/\/nai.is\/en\/wp-json\/wp\/v2\/types\/product"}],"wp:featuredmedia":[{"embeddable":true,"href":"http:\/\/nai.is\/en\/wp-json\/wp\/v2\/media\/12748"}],"wp:attachment":[{"href":"http:\/\/nai.is\/en\/wp-json\/wp\/v2\/media?parent=12746"}],"wp:term":[{"taxonomy":"product_brand","embeddable":true,"href":"http:\/\/nai.is\/en\/wp-json\/wp\/v2\/product_brand?post=12746"},{"taxonomy":"product_cat","embeddable":true,"href":"http:\/\/nai.is\/en\/wp-json\/wp\/v2\/product_cat?post=12746"},{"taxonomy":"product_tag","embeddable":true,"href":"http:\/\/nai.is\/en\/wp-json\/wp\/v2\/product_tag?post=12746"}],"curies":[{"name":"wp","href":"https:\/\/api.w.org\/{rel}","templated":true}]}}