{"id":84,"date":"2017-12-19T23:48:46","date_gmt":"2017-12-19T23:48:46","guid":{"rendered":"https:\/\/nai.is\/?page_id=84"},"modified":"2023-10-21T16:35:13","modified_gmt":"2023-10-21T16:35:13","slug":"thjonustur","status":"publish","type":"page","link":"http:\/\/nai.is\/en\/um-na\/thjonustur\/","title":{"rendered":"Services"},"content":{"rendered":"<div id=\"pl-84\"  class=\"panel-layout\" ><div id=\"pg-84-0\"  class=\"panel-grid panel-no-style\" ><div id=\"pgc-84-0-0\"  class=\"panel-grid-cell\" ><div id=\"panel-84-0-0-0\" class=\"so-panel widget widget_text panel-first-child panel-last-child\" data-index=\"0\" ><h3 class=\"widget-title\">Lands- og sv\u00e6\u00f0is\u00fej\u00f3nusta<\/h3>\t\t\t<div class=\"textwidget\"><div>Deildarfulltr\u00faar s\u00e6kja Lands\u00fej\u00f3nustu- \u00a0og Sv\u00e6\u00f0isnefndarfundi. \u00deeir eru fulltr\u00faar sinna heimadeilda og lj\u00e1 samvisku sinna deilda r\u00f6dd \u00e1 fyrrnefndum fundum. Fundirnir eru haldnir 4 sinnum \u00e1 \u00e1ri.<\/div>\n<div><\/div>\n<div>H\u00e9r fyrir ne\u00f0an er h\u00e6gt a\u00f0 lesa sig til um starf innan Sj\u00fakrah\u00fas og stofnana. Markmi\u00f0i\u00f0 er a\u00f0 setja inn uppl\u00fdsingar um fleiri \u00fej\u00f3nustur sem NA f\u00e9lagar geta teki\u00f0 a\u00f0 s\u00e9r \u00ed fyrir h\u00f6nd NA samtakanna. \u00d6ll \u00fej\u00f3nusta innan samtakanna er unni\u00f0 me\u00f0 frumtilgang samtakanna \u00ed huga sem er a\u00f0 flytja f\u00edklinum sem enn \u00fej\u00e1ist bo\u00f0skapinn um bata fr\u00e1 virkri f\u00edkn.<\/div>\n<div><\/div>\n<div><a href=\"https:\/\/nai.is\/en\/lands-og-svaedisthjonusta\/\">Lesa n\u00e1nar um\u00a0sv\u00e6\u00f0isnefnd h\u00e9r<\/a>.<\/div>\n<\/div>\n\t\t<\/div><\/div><div id=\"pgc-84-0-1\"  class=\"panel-grid-cell\" ><div id=\"panel-84-0-1-0\" class=\"so-panel widget widget_text panel-first-child panel-last-child\" data-index=\"1\" ><h3 class=\"widget-title\">Sj\u00fakrah\u00fas og stofnanir<\/h3>\t\t\t<div class=\"textwidget\"><p>\u00deeir sem vilja gefa \u00e1fram lausnina sem leysti \u00fe\u00e1 \u00far vi\u00f0jum f\u00edknarinnar \u00fe\u00e1 er g\u00f3\u00f0 byrjun a\u00f0 fara inn \u00e1 sj\u00fakrah\u00fas e\u00f0a stofnun sem 3. a\u00f0ili.\u00a0<a href=\"https:\/\/nai.is\/en\/soslisti\/\"><strong>Skr\u00e1\u00f0u \u00feig endilega \u00e1 SOS listann<\/strong> <strong>h\u00e9r<\/strong><\/a>. Ekki er ger\u00f0ar kr\u00f6fur um hreinan t\u00edma til \u00feess a\u00f0 skr\u00e1 sig \u00e1 \u00feann lista*.<\/p>\n<div><\/div>\n<div>*Stofnanir gera mismunandi kr\u00f6fur um hva\u00f0 f\u00edklar \u00feurfa a\u00f0 hafa veri\u00f0 hreinir af f\u00edkniefnum lengi. SOS fundir eru haldnir reglulega \u00ed risi Gula h\u00fassins, Tjarnarg\u00f6tu 20, fyrir \u00fe\u00e1 sem vilja s\u00e6kja um a\u00f0 fara me\u00f0 fundi \u00e1 sj\u00fakrah\u00fas e\u00f0a stofnun. Fundirnir eru augl\u00fdstir \u00e1 heimas\u00ed\u00f0unni.<\/div>\n<div><\/div>\n<div><a href=\"https:\/\/nai.is\/en\/hlutverk-sos\/\"><strong>Lesa n\u00e1nar um hlutverk SOS<\/strong><\/a>.<\/div>\n<\/div>\n\t\t<\/div><\/div><\/div><\/div>","protected":false},"excerpt":{"rendered":"<p>Deildarfulltr\u00faar s\u00e6kja Lands\u00fej\u00f3nustu- \u00a0og Sv\u00e6\u00f0isnefndarfundi. \u00deeir eru fulltr\u00faar sinna heimadeilda og lj\u00e1 samvisku sinna deilda r\u00f6dd \u00e1 fyrrnefndum fundum. Fundirnir eru haldnir 4 sinnum \u00e1 \u00e1ri. H\u00e9r fyrir ne\u00f0an er h\u00e6gt a\u00f0 lesa sig til um starf innan Sj\u00fakrah\u00fas og stofnana. Markmi\u00f0i\u00f0 er a\u00f0 setja inn uppl\u00fdsingar um fleiri \u00fej\u00f3nustur sem NA f\u00e9lagar geta teki\u00f0 <a class=\"read-more\" href=\"http:\/\/nai.is\/en\/um-na\/thjonustur\/\">READ MORE<\/a><\/p>","protected":false},"author":16,"featured_media":0,"parent":65,"menu_order":0,"comment_status":"closed","ping_status":"closed","template":"","meta":{"_exactmetrics_skip_tracking":false,"_exactmetrics_sitenote_active":false,"_exactmetrics_sitenote_note":"","_exactmetrics_sitenote_category":0,"footnotes":"","_links_to":"","_links_to_target":""},"class_list":["post-84","page","type-page","status-publish","hentry"],"_links":{"self":[{"href":"http:\/\/nai.is\/en\/wp-json\/wp\/v2\/pages\/84","targetHints":{"allow":["GET"]}}],"collection":[{"href":"http:\/\/nai.is\/en\/wp-json\/wp\/v2\/pages"}],"about":[{"href":"http:\/\/nai.is\/en\/wp-json\/wp\/v2\/types\/page"}],"author":[{"embeddable":true,"href":"http:\/\/nai.is\/en\/wp-json\/wp\/v2\/users\/16"}],"replies":[{"embeddable":true,"href":"http:\/\/nai.is\/en\/wp-json\/wp\/v2\/comments?post=84"}],"version-history":[{"count":0,"href":"http:\/\/nai.is\/en\/wp-json\/wp\/v2\/pages\/84\/revisions"}],"up":[{"embeddable":true,"href":"http:\/\/nai.is\/en\/wp-json\/wp\/v2\/pages\/65"}],"wp:attachment":[{"href":"http:\/\/nai.is\/en\/wp-json\/wp\/v2\/media?parent=84"}],"curies":[{"name":"wp","href":"https:\/\/api.w.org\/{rel}","templated":true}]}}