{"id":65,"date":"2017-12-19T23:27:31","date_gmt":"2017-12-19T23:27:31","guid":{"rendered":"https:\/\/nai.is\/?page_id=65"},"modified":"2024-05-12T18:13:14","modified_gmt":"2024-05-12T18:13:14","slug":"um-na","status":"publish","type":"page","link":"http:\/\/nai.is\/en\/um-na\/","title":{"rendered":"About NA"},"content":{"rendered":"<p>Velkomin \u00e1 heimas\u00ed\u00f0u NA samtakanna. \u00deessi vefur var settur \u00ed lofti\u00f0 \u00ed jan\u00faar 2018.<\/p>\n<div><\/div>\n<div>Unni\u00f0 er a\u00f0 \u00fev\u00ed a\u00f0 endur\u00fe\u00fd\u00f0a hluta af g\u00f6mlu b\u00e6klingunum og ver\u00f0ur \u00feeir settir inn \u00e1 vefinn jafn \u00f3\u00f0um og \u00feeir f\u00e1st sam\u00feykktir af heimsskrifstofu NA (World Service Office).\u00a0B\u00e6klingarnar sem hafa veri\u00f0 \u00fe\u00fdddir og sam\u00feykkt eru a\u00f0 finna \u00e1 ofangreindum undirs\u00ed\u00f0um.<\/div>\n<div>\n<div>\n<div>Ef \u00fe\u00fa hefur einhverjar spurningar um NA ekki hika vi\u00f0 a\u00f0 sl\u00e1 \u00e1 \u00fer\u00e1\u00f0inn e\u00f0a senda okkur l\u00ednu.<\/div>\n<div>Hj\u00e1lpars\u00edmi NA samtakana er 661-2915 \u00a0&#8211; \u00a0netfangi\u00f0 okkar er na@nai.is<\/div>\n<div>Vi\u00f0 viljum heyra \u00ed \u00fe\u00e9r!<\/div>\n<\/div>\n<\/div>","protected":false},"excerpt":{"rendered":"<p>Velkomin \u00e1 heimas\u00ed\u00f0u NA samtakanna. \u00deessi vefur var settur \u00ed lofti\u00f0 \u00ed jan\u00faar 2018. Unni\u00f0 er a\u00f0 \u00fev\u00ed a\u00f0 endur\u00fe\u00fd\u00f0a hluta af g\u00f6mlu b\u00e6klingunum og ver\u00f0ur \u00feeir settir inn \u00e1 vefinn jafn \u00f3\u00f0um og \u00feeir f\u00e1st sam\u00feykktir af heimsskrifstofu NA (World Service Office).\u00a0B\u00e6klingarnar sem hafa veri\u00f0 \u00fe\u00fdddir og sam\u00feykkt eru a\u00f0 finna \u00e1 ofangreindum undirs\u00ed\u00f0um. <a class=\"read-more\" href=\"http:\/\/nai.is\/en\/um-na\/\">READ MORE<\/a><\/p>","protected":false},"author":16,"featured_media":0,"parent":0,"menu_order":0,"comment_status":"closed","ping_status":"closed","template":"","meta":{"_exactmetrics_skip_tracking":false,"_exactmetrics_sitenote_active":false,"_exactmetrics_sitenote_note":"","_exactmetrics_sitenote_category":0,"footnotes":"","_links_to":"","_links_to_target":""},"class_list":["post-65","page","type-page","status-publish","hentry"],"_links":{"self":[{"href":"http:\/\/nai.is\/en\/wp-json\/wp\/v2\/pages\/65","targetHints":{"allow":["GET"]}}],"collection":[{"href":"http:\/\/nai.is\/en\/wp-json\/wp\/v2\/pages"}],"about":[{"href":"http:\/\/nai.is\/en\/wp-json\/wp\/v2\/types\/page"}],"author":[{"embeddable":true,"href":"http:\/\/nai.is\/en\/wp-json\/wp\/v2\/users\/16"}],"replies":[{"embeddable":true,"href":"http:\/\/nai.is\/en\/wp-json\/wp\/v2\/comments?post=65"}],"version-history":[{"count":0,"href":"http:\/\/nai.is\/en\/wp-json\/wp\/v2\/pages\/65\/revisions"}],"wp:attachment":[{"href":"http:\/\/nai.is\/en\/wp-json\/wp\/v2\/media?parent=65"}],"curies":[{"name":"wp","href":"https:\/\/api.w.org\/{rel}","templated":true}]}}